{"id":73,"date":"2024-04-27T20:34:16","date_gmt":"2024-04-27T19:34:16","guid":{"rendered":"https:\/\/kattik.com\/?page_id=73"},"modified":"2024-09-16T20:24:38","modified_gmt":"2024-09-16T19:24:38","slug":"home","status":"publish","type":"page","link":"https:\/\/kattik.com\/","title":{"rendered":""},"content":{"rendered":"\n<div class=\"wp-block-group alignfull has-global-padding is-layout-constrained wp-container-core-group-is-layout-1257c590 wp-block-group-is-layout-constrained\" style=\"margin-top:0;margin-bottom:0;padding-top:5.51rem;padding-right:1rem;padding-bottom:3rem;padding-left:1rem\">\n<div class=\"wp-block-group alignwide has-global-padding is-layout-constrained wp-block-group-is-layout-constrained\" style=\"padding-bottom:1rem\">\n<p>Od sitnih ku\u0107nih popravaka do kompletnih adaptacija<\/p>\n\n\n\n<p><\/p>\n<\/div>\n\n\n\n<div class=\"wp-block-group alignwide is-nowrap is-layout-flex wp-container-core-group-is-layout-2713cf6b wp-block-group-is-layout-flex\" style=\"margin-top:1.01rem\">\n<div class=\"wp-block-columns alignwide is-layout-flex wp-container-core-columns-is-layout-85231905 wp-block-columns-is-layout-flex\">\n<div class=\"wp-block-column has-global-padding is-content-justification-center is-layout-constrained wp-container-core-column-is-layout-412b4476 wp-block-column-is-layout-constrained\" style=\"padding-bottom:2rem\">\n<div class=\"wp-block-group has-global-padding is-layout-constrained wp-container-core-group-is-layout-668d2085 wp-block-group-is-layout-constrained\">\n<h5 class=\"wp-block-heading has-text-align-center has-text-color\" style=\"color:#07277c;font-size:clamp(1.044rem, 1.044rem + ((1vw - 0.2rem) * 1.029), 1.61rem);font-style:normal;font-weight:600;line-height:1.4;text-transform:none\">Ku\u0107ni majstor  <\/h5>\n\n\n\n<figure class=\"wp-block-image aligncenter size-full is-resized has-custom-border\"><img loading=\"lazy\" decoding=\"async\" width=\"1160\" height=\"626\" src=\"https:\/\/kattik.com\/wp-content\/uploads\/2024\/08\/Handyman-3-e1725129665854.png\" alt=\"\" class=\"wp-image-652\" style=\"border-style:none;border-width:0px;border-radius:40px;width:328px;height:auto\" srcset=\"https:\/\/kattik.com\/wp-content\/uploads\/2024\/08\/Handyman-3-e1725129665854.png 1160w, https:\/\/kattik.com\/wp-content\/uploads\/2024\/08\/Handyman-3-e1725129665854-300x162.png 300w, https:\/\/kattik.com\/wp-content\/uploads\/2024\/08\/Handyman-3-e1725129665854-1024x553.png 1024w, https:\/\/kattik.com\/wp-content\/uploads\/2024\/08\/Handyman-3-e1725129665854-768x414.png 768w\" sizes=\"auto, (max-width: 1160px) 100vw, 1160px\" \/><\/figure>\n<\/div>\n\n\n\n<div class=\"wp-block-group has-global-padding is-layout-constrained wp-container-core-group-is-layout-4f9f0532 wp-block-group-is-layout-constrained\">\n<p class=\"has-text-align-center has-text-color\" style=\"color:#252525;margin-top:0rem;font-size:clamp(0.875rem, 0.875rem + ((1vw - 0.2rem) * 0.064), 0.91rem);font-style:normal;font-weight:400;line-height:1.5\">izvo\u0111enje raznih &#8220;sitnih&#8221; ku\u0107anskih poslova<\/p>\n\n\n\n<ul class=\"wp-block-list\">\n<li style=\"font-size:clamp(14px, 0.875rem + ((1vw - 3.2px) * 0.114), 15px);\">sastavljanje namje\u0161taja<\/li>\n\n\n\n<li style=\"font-size:clamp(14px, 0.875rem + ((1vw - 3.2px) * 0.114), 15px);\">vje\u0161anje slika<\/li>\n\n\n\n<li style=\"font-size:clamp(14px, 0.875rem + ((1vw - 3.2px) * 0.114), 15px);\">demonta\u017ee <\/li>\n\n\n\n<li style=\"font-size:clamp(14px, 0.875rem + ((1vw - 3.2px) * 0.114), 15px);\">ru\u0161enja sa odvozom<\/li>\n\n\n\n<li style=\"font-size:clamp(14px, 0.875rem + ((1vw - 3.2px) * 0.114), 15px);\">zamjena slavina, vodokotli\u0107a<\/li>\n\n\n\n<li style=\"font-size:clamp(14px, 0.875rem + ((1vw - 3.2px) * 0.114), 15px);\">promjena akrila na sanitarijama<\/li>\n\n\n\n<li style=\"font-size:clamp(14px, 0.875rem + ((1vw - 3.2px) * 0.114), 15px);\">monta\u017ee sanitarnih elemenata<\/li>\n<\/ul>\n<\/div>\n<\/div>\n\n\n\n<div class=\"wp-block-column has-global-padding is-layout-constrained wp-container-core-column-is-layout-a3af4fe5 wp-block-column-is-layout-constrained\" style=\"padding-bottom:2rem\">\n<div class=\"wp-block-group has-global-padding is-layout-constrained wp-container-core-group-is-layout-668d2085 wp-block-group-is-layout-constrained\">\n<h5 class=\"wp-block-heading has-text-align-center\" style=\"font-size:clamp(1.044rem, 1.044rem + ((1vw - 0.2rem) * 1.029), 1.61rem);font-style:normal;font-weight:600;line-height:1.4;text-transform:none\">Elektri\u010darski radovi<\/h5>\n\n\n\n<figure class=\"wp-block-image aligncenter size-full is-resized has-custom-border\"><img loading=\"lazy\" decoding=\"async\" width=\"1290\" height=\"958\" src=\"https:\/\/kattik.com\/wp-content\/uploads\/2024\/08\/Screenshot-2024-08-29-at-21.35.33.png\" alt=\"\" class=\"wp-image-590\" style=\"border-radius:40px;width:295px;height:auto\" srcset=\"https:\/\/kattik.com\/wp-content\/uploads\/2024\/08\/Screenshot-2024-08-29-at-21.35.33.png 1290w, https:\/\/kattik.com\/wp-content\/uploads\/2024\/08\/Screenshot-2024-08-29-at-21.35.33-300x223.png 300w, https:\/\/kattik.com\/wp-content\/uploads\/2024\/08\/Screenshot-2024-08-29-at-21.35.33-1024x760.png 1024w, https:\/\/kattik.com\/wp-content\/uploads\/2024\/08\/Screenshot-2024-08-29-at-21.35.33-768x570.png 768w\" sizes=\"auto, (max-width: 1290px) 100vw, 1290px\" \/><\/figure>\n<\/div>\n\n\n\n<div class=\"wp-block-group has-global-padding is-layout-constrained wp-container-core-group-is-layout-4f9f0532 wp-block-group-is-layout-constrained\">\n<p class=\"has-text-align-center has-text-color\" style=\"color:#252525;margin-top:0rem;font-size:clamp(0.875rem, 0.875rem + ((1vw - 0.2rem) * 0.064), 0.91rem);font-style:normal;font-weight:400;line-height:1.5\">Zamjena starih razvodnih osigura\u010da, Zamjena Starih instalacija, promjena uti\u010dnica, prekida\u010da, TV, UTP<\/p>\n<\/div>\n\n\n\n<ul class=\"wp-block-list\">\n<li style=\"font-size:clamp(14px, 0.875rem + ((1vw - 3.2px) * 0.114), 15px);\">promjena plo\u010de osigura\u010da<\/li>\n\n\n\n<li style=\"font-size:clamp(14px, 0.875rem + ((1vw - 3.2px) * 0.114), 15px);\">monta\u017ee rasvijetnih tijela<\/li>\n\n\n\n<li style=\"font-size:clamp(14px, 0.875rem + ((1vw - 3.2px) * 0.114), 15px);\">zamjena dotrajalih instalacija<\/li>\n\n\n\n<li style=\"font-size:clamp(14px, 0.875rem + ((1vw - 3.2px) * 0.114), 15px);\">kabliranje <\/li>\n\n\n\n<li style=\"font-size:clamp(14px, 0.875rem + ((1vw - 3.2px) * 0.114), 15px);\">demonta\u017ee rasvijetnih tijela<\/li>\n\n\n\n<li style=\"font-size:clamp(14px, 0.875rem + ((1vw - 3.2px) * 0.114), 15px);\">pomicanje uti\u010dnica i prekida\u010da<\/li>\n\n\n\n<li style=\"font-size:clamp(14px, 0.875rem + ((1vw - 3.2px) * 0.114), 15px);\">fina monta\u017ea <\/li>\n<\/ul>\n<\/div>\n\n\n\n<div class=\"wp-block-column has-global-padding is-content-justification-center is-layout-constrained wp-container-core-column-is-layout-412b4476 wp-block-column-is-layout-constrained\" style=\"padding-bottom:2rem\">\n<div class=\"wp-block-group has-global-padding is-layout-constrained wp-container-core-group-is-layout-668d2085 wp-block-group-is-layout-constrained\">\n<h5 class=\"wp-block-heading has-text-align-center\" style=\"font-size:clamp(1.044rem, 1.044rem + ((1vw - 0.2rem) * 1.029), 1.61rem);font-style:normal;font-weight:600;line-height:1.4;text-transform:none\">Kompletne adaptacije<\/h5>\n\n\n\n<figure class=\"wp-block-image aligncenter size-full is-resized has-custom-border\"><img loading=\"lazy\" decoding=\"async\" width=\"1452\" height=\"816\" src=\"https:\/\/kattik.com\/wp-content\/uploads\/2024\/08\/Kompletne-Adaptacije-MAIN.png\" alt=\"\" class=\"wp-image-656\" style=\"border-radius:40px;width:380px;height:auto\" srcset=\"https:\/\/kattik.com\/wp-content\/uploads\/2024\/08\/Kompletne-Adaptacije-MAIN.png 1452w, https:\/\/kattik.com\/wp-content\/uploads\/2024\/08\/Kompletne-Adaptacije-MAIN-300x169.png 300w, https:\/\/kattik.com\/wp-content\/uploads\/2024\/08\/Kompletne-Adaptacije-MAIN-1024x575.png 1024w, https:\/\/kattik.com\/wp-content\/uploads\/2024\/08\/Kompletne-Adaptacije-MAIN-768x432.png 768w\" sizes=\"auto, (max-width: 1452px) 100vw, 1452px\" \/><\/figure>\n<\/div>\n\n\n\n<p class=\"has-text-align-center has-text-color\" style=\"color:#252525;margin-top:0rem;font-size:clamp(0.875rem, 0.875rem + ((1vw - 0.2rem) * 0.064), 0.91rem);font-style:normal;font-weight:400;line-height:1.5\">Adaptacije stanova po principu klju\u010d u ruke, dio izvodimo mi, dio na\u0161i koperanti.<br><br><a href=\"https:\/\/kattik.com\/index.php\/adaptacije\/\" data-type=\"page\" data-id=\"471\">GALERIJA<\/a><\/p>\n\n\n\n<ul class=\"wp-block-list\">\n<li style=\"font-size:clamp(14px, 0.875rem + ((1vw - 3.2px) * 0.114), 15px);\">planiranje i savjetovanje<\/li>\n\n\n\n<li style=\"font-size:clamp(14px, 0.875rem + ((1vw - 3.2px) * 0.114), 15px);\">demonta\u017ee i odvozi<\/li>\n\n\n\n<li style=\"font-size:clamp(14px, 0.875rem + ((1vw - 3.2px) * 0.114), 15px);\">ru\u0161enje i sanacija<\/li>\n\n\n\n<li style=\"font-size:clamp(14px, 0.875rem + ((1vw - 3.2px) * 0.114), 15px);\">elektri\u010darski radovi<\/li>\n\n\n\n<li style=\"font-size:clamp(14px, 0.875rem + ((1vw - 3.2px) * 0.114), 15px);\">suhogradnja<\/li>\n\n\n\n<li style=\"font-size:clamp(14px, 0.875rem + ((1vw - 3.2px) * 0.114), 15px);\">kerami\u010darski radovi<\/li>\n\n\n\n<li style=\"font-size:clamp(14px, 0.875rem + ((1vw - 3.2px) * 0.114), 15px);\">soboslikarski radovi<\/li>\n<\/ul>\n<\/div>\n<\/div>\n<\/div>\n<\/div>\n\n\n\n<h1 class=\"wp-block-heading alignwide has-text-align-center has-text-color has-link-color wp-elements-9991a929999b879efbded48dae529a05\" style=\"color:#261b03;font-size:clamp(1.556rem, 1.556rem + ((1vw - 0.2rem) * 1.916), 2.61rem);font-style:normal;font-weight:600;line-height:1.5;text-transform:none\">&#8230; kvaliteta za sve<\/h1>\n\n\n\n<section class=\"wp-block-group alignfull has-text-color has-global-padding is-layout-constrained wp-container-core-group-is-layout-5e70687f wp-block-group-is-layout-constrained\" style=\"color:#3e3e3e;margin-top:0rem;padding-right:1rem;padding-left:1rem;font-size:clamp(0.875rem, 0.875rem + ((1vw - 0.2rem) * 0.464), 1.13rem);font-style:normal;font-weight:400;line-height:1.5\"><\/section>\n\n\n\n<p><\/p>\n","protected":false},"excerpt":{"rendered":"<p>Od sitnih ku\u0107nih popravaka do kompletnih adaptacija Ku\u0107ni majstor izvo\u0111enje raznih &#8220;sitnih&#8221; ku\u0107anskih poslova Elektri\u010darski radovi Zamjena starih razvodnih osigura\u010da, Zamjena Starih instalacija, promjena uti\u010dnica, prekida\u010da, TV, UTP Kompletne adaptacije Adaptacije stanova po principu klju\u010d u ruke, dio izvodimo mi, dio na\u0161i koperanti. GALERIJA &#8230; kvaliteta za sve<\/p>\n","protected":false},"author":2,"featured_media":0,"parent":0,"menu_order":0,"comment_status":"closed","ping_status":"closed","template":"","meta":{"footnotes":""},"class_list":["post-73","page","type-page","status-publish","hentry"],"_links":{"self":[{"href":"https:\/\/kattik.com\/index.php\/wp-json\/wp\/v2\/pages\/73","targetHints":{"allow":["GET"]}}],"collection":[{"href":"https:\/\/kattik.com\/index.php\/wp-json\/wp\/v2\/pages"}],"about":[{"href":"https:\/\/kattik.com\/index.php\/wp-json\/wp\/v2\/types\/page"}],"author":[{"embeddable":true,"href":"https:\/\/kattik.com\/index.php\/wp-json\/wp\/v2\/users\/2"}],"replies":[{"embeddable":true,"href":"https:\/\/kattik.com\/index.php\/wp-json\/wp\/v2\/comments?post=73"}],"version-history":[{"count":32,"href":"https:\/\/kattik.com\/index.php\/wp-json\/wp\/v2\/pages\/73\/revisions"}],"predecessor-version":[{"id":742,"href":"https:\/\/kattik.com\/index.php\/wp-json\/wp\/v2\/pages\/73\/revisions\/742"}],"wp:attachment":[{"href":"https:\/\/kattik.com\/index.php\/wp-json\/wp\/v2\/media?parent=73"}],"curies":[{"name":"wp","href":"https:\/\/api.w.org\/{rel}","templated":true}]}}